{"id":1745,"date":"2023-03-29T15:13:05","date_gmt":"2023-03-29T13:13:05","guid":{"rendered":"https:\/\/formationcertifiante.com\/?post_type=product&#038;p=1745"},"modified":"2023-07-28T10:33:21","modified_gmt":"2023-07-28T08:33:21","slug":"comptabilite","status":"publish","type":"product","link":"https:\/\/formationcertifiante.com\/index.php\/product\/comptabilite\/","title":{"rendered":"Formation comptabilit\u00e9 niveau 1"},"content":{"rendered":"\t\t<div data-elementor-type=\"product-post\" data-elementor-id=\"1745\" class=\"elementor elementor-1745\">\n\t\t\t\t\t\t<section class=\"elementor-section elementor-top-section elementor-element elementor-element-ab6a916 elementor-section-boxed elementor-section-height-default elementor-section-height-default\" data-id=\"ab6a916\" data-element_type=\"section\">\n\t\t\t\t\t\t<div class=\"elementor-container elementor-column-gap-default\">\n\t\t\t\t\t<div class=\"elementor-column elementor-col-100 elementor-top-column elementor-element elementor-element-3b2d8455\" data-id=\"3b2d8455\" data-element_type=\"column\">\n\t\t\t<div class=\"elementor-widget-wrap elementor-element-populated\">\n\t\t\t\t\t\t<div class=\"elementor-element elementor-element-7f9767cb elementor-widget elementor-widget-text-editor\" data-id=\"7f9767cb\" data-element_type=\"widget\" data-widget_type=\"text-editor.default\">\n\t\t\t\t<div class=\"elementor-widget-container\">\n\t\t\t<style>\/*! elementor - v3.22.0 - 16-06-2024 *\/\n.elementor-widget-text-editor.elementor-drop-cap-view-stacked .elementor-drop-cap{background-color:#69727d;color:#fff}.elementor-widget-text-editor.elementor-drop-cap-view-framed .elementor-drop-cap{color:#69727d;border:3px solid;background-color:transparent}.elementor-widget-text-editor:not(.elementor-drop-cap-view-default) .elementor-drop-cap{margin-top:8px}.elementor-widget-text-editor:not(.elementor-drop-cap-view-default) .elementor-drop-cap-letter{width:1em;height:1em}.elementor-widget-text-editor .elementor-drop-cap{float:left;text-align:center;line-height:1;font-size:50px}.elementor-widget-text-editor .elementor-drop-cap-letter{display:inline-block}<\/style>\t\t\t\t<p><strong>Objectifs <\/strong><\/p>\n<ul>\n<li>R\u00e9ussir son examen de comptabilit\u00e9 (niveau 1) \u00e0 l&#8217;\u00e9cole ou universit\u00e9<\/li>\n<li>Comprendre son comptable ou son expert comptable, se rep\u00e9rer dans les \u00e9tats comptables<\/li>\n<\/ul>\n<p><strong style=\"font-size: 16px;\">Le cours : Comprendre la comptabilit\u00e9 pour une soci\u00e9t\u00e9 simple<\/strong><\/p>\n<ol>\n<li><span style=\"font-size: 16px;\">Comprendre Le d\u00e9bit et le credi<\/span>t<\/li>\n<li>Uiliser le plan comptable<\/li>\n<li>Comprendre et comptabiliser la TVA<\/li>\n<li>Passer une \u00e9criture comptable<\/li>\n<li>Construire un grand livre<\/li>\n<li>Construire une balance<\/li>\n<li>Construire le compte de r\u00e9sultat et le bilan<\/li><li>Les principes de l&#8217;amortissement<\/li>\n<li>La cl\u00f4ture : Calculer le r\u00e9sultat<\/li><li><span style=\"font-style: inherit; color: var( --e-global-color-text ); font-family: var( --e-global-typography-text-font-family ), Sans-serif; background-color: var(--ast-global-color-5);\">Examen : construire un compte de r\u00e9sultat et un bilan \u00e0 partir des \u00e9v\u00e9nements d&#8217;une entreprise<\/span><br><\/li><\/ol>\n<p><img decoding=\"async\" class=\"alignnone size-medium wp-image-628\" src=\"https:\/\/formationcertifiante.com\/wp-content\/uploads\/2022\/10\/toque-Culture-Cash-300x201.png\" alt=\"\" width=\"200\" height=\"134\" srcset=\"https:\/\/formationcertifiante.com\/wp-content\/uploads\/2022\/10\/toque-Culture-Cash-300x201.png 300w, https:\/\/formationcertifiante.com\/wp-content\/uploads\/2022\/10\/toque-Culture-Cash-1024x687.png 1024w, https:\/\/formationcertifiante.com\/wp-content\/uploads\/2022\/10\/toque-Culture-Cash-768x515.png 768w, https:\/\/formationcertifiante.com\/wp-content\/uploads\/2022\/10\/toque-Culture-Cash-1536x1030.png 1536w, https:\/\/formationcertifiante.com\/wp-content\/uploads\/2022\/10\/toque-Culture-Cash-1320x885.png 1320w, https:\/\/formationcertifiante.com\/wp-content\/uploads\/2022\/10\/toque-Culture-Cash-600x402.png 600w, https:\/\/formationcertifiante.com\/wp-content\/uploads\/2022\/10\/toque-Culture-Cash.png 2005w\" sizes=\"(max-width: 200px) 100vw, 200px\" \/> <strong> Obtenir le certificat CultureCash\u00ae Comptabilit\u00e9 Niveau 1<\/strong><\/p>\n<p><strong>Pour tous niveaux &nbsp; &nbsp; &nbsp; &nbsp; &nbsp; &nbsp; &nbsp; &nbsp; &nbsp; &nbsp; &nbsp; &nbsp; Dur\u00e9e : environ 12 heures, \u00e0 votre rythme, pendant 1 an &nbsp; &nbsp; &nbsp; &nbsp; &nbsp; &nbsp; &nbsp; &nbsp; &nbsp; &nbsp; &nbsp; &nbsp; &nbsp; &nbsp;Des fiches pratiques<\/strong><\/p>\n<p><em>&nbsp; &nbsp; &nbsp; &nbsp; &nbsp; &nbsp; &nbsp; &nbsp; &nbsp; &nbsp; &nbsp; &nbsp; &nbsp; &nbsp; &nbsp; &nbsp; &nbsp; &nbsp; &nbsp; &nbsp; &nbsp; &nbsp; &nbsp; &nbsp; &nbsp; &nbsp; &nbsp; &nbsp; &nbsp; &nbsp; &nbsp; &nbsp; &nbsp; &nbsp; &nbsp; &nbsp; &nbsp; &nbsp; &nbsp; &nbsp; &nbsp; &nbsp; &nbsp; &nbsp; &nbsp; &nbsp; &nbsp; &nbsp; &nbsp; &nbsp; &nbsp; &nbsp; &nbsp; &nbsp; &nbsp; &nbsp; &nbsp; &nbsp; &nbsp; &nbsp; &nbsp; &nbsp; &nbsp; &nbsp; &nbsp; &nbsp; &nbsp; &nbsp; &nbsp; &nbsp; &nbsp; &nbsp; &nbsp; &nbsp; &nbsp; &nbsp; &nbsp; &nbsp; &nbsp; &nbsp; &nbsp; &nbsp; Cours enseign\u00e9 \u00e0 :<\/em> <img decoding=\"async\" class=\"size-medium wp-image-199 alignright\" src=\"https:\/\/formationcertifiante.com\/wp-content\/uploads\/2022\/10\/Culture-cash-Dauphine-logo-300x62.png\" alt=\"\" width=\"200\" height=\"41\" srcset=\"https:\/\/formationcertifiante.com\/wp-content\/uploads\/2022\/10\/Culture-cash-Dauphine-logo-300x62.png 300w, https:\/\/formationcertifiante.com\/wp-content\/uploads\/2022\/10\/Culture-cash-Dauphine-logo.png 341w\" sizes=\"(max-width: 200px) 100vw, 200px\" \/> <img decoding=\"async\" class=\"size-medium wp-image-1748 alignright\" src=\"https:\/\/formationcertifiante.com\/wp-content\/uploads\/2023\/03\/Culture-cash-ISEG-logo--e1680098950187-300x168.png\" alt=\"\" width=\"76\" height=\"42\"><\/p>\t\t\t\t\t\t<\/div>\n\t\t\t\t<\/div>\n\t\t\t\t\t<\/div>\n\t\t<\/div>\n\t\t\t\t\t<\/div>\n\t\t<\/section>\n\t\t\t\t<\/div>\n\t\t","protected":false},"excerpt":{"rendered":"<p>Objectifs R\u00e9ussir son examen de comptabilit\u00e9 (niveau 1) \u00e0 l&#8217;\u00e9cole ou universit\u00e9 Comprendre son comptable ou son expert comptable, se rep\u00e9rer dans les \u00e9tats comptables Le cours : Comprendre la comptabilit\u00e9 pour une soci\u00e9t\u00e9 simple Comprendre Le d\u00e9bit et le credit Uiliser le plan comptable Comprendre et comptabiliser la TVA Passer une \u00e9criture comptable Construire [&hellip;]<\/p>\n","protected":false},"featured_media":1747,"template":"","meta":{"_uag_custom_page_level_css":"","site-sidebar-layout":"default","site-content-layout":"default","ast-site-content-layout":"default","site-content-style":"default","site-sidebar-style":"default","ast-global-header-display":"","ast-banner-title-visibility":"","ast-main-header-display":"","ast-hfb-above-header-display":"","ast-hfb-below-header-display":"","ast-hfb-mobile-header-display":"","site-post-title":"","ast-breadcrumbs-content":"","ast-featured-img":"","footer-sml-layout":"","ast-disable-related-posts":"","theme-transparent-header-meta":"default","adv-header-id-meta":"","stick-header-meta":"default","header-above-stick-meta":"","header-main-stick-meta":"","header-below-stick-meta":"","astra-migrate-meta-layouts":"default","ast-page-background-enabled":"default","ast-page-background-meta":{"desktop":{"background-color":"var(--ast-global-color-4)","background-image":"","background-repeat":"repeat","background-position":"center center","background-size":"auto","background-attachment":"scroll","background-type":"","background-media":"","overlay-type":"","overlay-color":"","overlay-opacity":"","overlay-gradient":""},"tablet":{"background-color":"","background-image":"","background-repeat":"repeat","background-position":"center center","background-size":"auto","background-attachment":"scroll","background-type":"","background-media":"","overlay-type":"","overlay-color":"","overlay-opacity":"","overlay-gradient":""},"mobile":{"background-color":"","background-image":"","background-repeat":"repeat","background-position":"center center","background-size":"auto","background-attachment":"scroll","background-type":"","background-media":"","overlay-type":"","overlay-color":"","overlay-opacity":"","overlay-gradient":""}},"ast-content-background-meta":{"desktop":{"background-color":"var(--ast-global-color-5)","background-image":"","background-repeat":"repeat","background-position":"center center","background-size":"auto","background-attachment":"scroll","background-type":"","background-media":"","overlay-type":"","overlay-color":"","overlay-opacity":"","overlay-gradient":""},"tablet":{"background-color":"var(--ast-global-color-5)","background-image":"","background-repeat":"repeat","background-position":"center center","background-size":"auto","background-attachment":"scroll","background-type":"","background-media":"","overlay-type":"","overlay-color":"","overlay-opacity":"","overlay-gradient":""},"mobile":{"background-color":"var(--ast-global-color-5)","background-image":"","background-repeat":"repeat","background-position":"center center","background-size":"auto","background-attachment":"scroll","background-type":"","background-media":"","overlay-type":"","overlay-color":"","overlay-opacity":"","overlay-gradient":""}}},"product_cat":[25],"product_tag":[],"class_list":{"0":"post-1745","1":"product","2":"type-product","3":"status-publish","4":"has-post-thumbnail","6":"product_cat-comptabilite","7":"desktop-align-left","8":"tablet-align-left","9":"mobile-align-left","10":"ast-product-gallery-layout-horizontal-slider","11":"ast-product-gallery-with-no-image","12":"ast-product-tabs-layout-horizontal","14":"first","15":"instock","16":"virtual","17":"sold-individually","18":"taxable","19":"purchasable","20":"product-type-course"},"yoast_head":"<!-- This site is optimized with the Yoast SEO plugin v22.8 - https:\/\/yoast.com\/wordpress\/plugins\/seo\/ -->\n<title>Formation comptabilit\u00e9 niveau 1 - FORMATION<\/title>\n<meta name=\"robots\" content=\"index, follow, max-snippet:-1, max-image-preview:large, max-video-preview:-1\" \/>\n<link rel=\"canonical\" href=\"https:\/\/formationcertifiante.com\/index.php\/product\/comptabilite\/\" \/>\n<meta property=\"og:locale\" content=\"fr_FR\" \/>\n<meta property=\"og:type\" content=\"article\" \/>\n<meta property=\"og:title\" content=\"Formation comptabilit\u00e9 niveau 1 - FORMATION\" \/>\n<meta property=\"og:description\" content=\"Objectifs R\u00e9ussir son examen de comptabilit\u00e9 (niveau 1) \u00e0 l&#8217;\u00e9cole ou universit\u00e9 Comprendre son comptable ou son expert comptable, se rep\u00e9rer dans les \u00e9tats comptables Le cours : Comprendre la comptabilit\u00e9 pour une soci\u00e9t\u00e9 simple Comprendre Le d\u00e9bit et le credit Uiliser le plan comptable Comprendre et comptabiliser la TVA Passer une \u00e9criture comptable Construire [&hellip;]\" \/>\n<meta property=\"og:url\" content=\"https:\/\/formationcertifiante.com\/index.php\/product\/comptabilite\/\" \/>\n<meta property=\"og:site_name\" content=\"FORMATION\" \/>\n<meta property=\"article:modified_time\" content=\"2023-07-28T08:33:21+00:00\" \/>\n<meta property=\"og:image\" content=\"https:\/\/formationcertifiante.com\/wp-content\/uploads\/2023\/03\/culutre-cash-comptabilite.png\" \/>\n\t<meta property=\"og:image:width\" content=\"500\" \/>\n\t<meta property=\"og:image:height\" content=\"234\" \/>\n\t<meta property=\"og:image:type\" content=\"image\/png\" \/>\n<meta name=\"twitter:card\" content=\"summary_large_image\" \/>\n<script type=\"application\/ld+json\" class=\"yoast-schema-graph\">{\"@context\":\"https:\/\/schema.org\",\"@graph\":[{\"@type\":\"WebPage\",\"@id\":\"https:\/\/formationcertifiante.com\/index.php\/product\/comptabilite\/\",\"url\":\"https:\/\/formationcertifiante.com\/index.php\/product\/comptabilite\/\",\"name\":\"Formation comptabilit\u00e9 niveau 1 - FORMATION\",\"isPartOf\":{\"@id\":\"https:\/\/formationcertifiante.com\/#website\"},\"primaryImageOfPage\":{\"@id\":\"https:\/\/formationcertifiante.com\/index.php\/product\/comptabilite\/#primaryimage\"},\"image\":{\"@id\":\"https:\/\/formationcertifiante.com\/index.php\/product\/comptabilite\/#primaryimage\"},\"thumbnailUrl\":\"https:\/\/formationcertifiante.com\/wp-content\/uploads\/2023\/03\/culutre-cash-comptabilite.png\",\"datePublished\":\"2023-03-29T13:13:05+00:00\",\"dateModified\":\"2023-07-28T08:33:21+00:00\",\"breadcrumb\":{\"@id\":\"https:\/\/formationcertifiante.com\/index.php\/product\/comptabilite\/#breadcrumb\"},\"inLanguage\":\"fr-FR\",\"potentialAction\":[{\"@type\":\"ReadAction\",\"target\":[\"https:\/\/formationcertifiante.com\/index.php\/product\/comptabilite\/\"]}]},{\"@type\":\"ImageObject\",\"inLanguage\":\"fr-FR\",\"@id\":\"https:\/\/formationcertifiante.com\/index.php\/product\/comptabilite\/#primaryimage\",\"url\":\"https:\/\/formationcertifiante.com\/wp-content\/uploads\/2023\/03\/culutre-cash-comptabilite.png\",\"contentUrl\":\"https:\/\/formationcertifiante.com\/wp-content\/uploads\/2023\/03\/culutre-cash-comptabilite.png\",\"width\":500,\"height\":234},{\"@type\":\"BreadcrumbList\",\"@id\":\"https:\/\/formationcertifiante.com\/index.php\/product\/comptabilite\/#breadcrumb\",\"itemListElement\":[{\"@type\":\"ListItem\",\"position\":1,\"name\":\"Accueil\",\"item\":\"https:\/\/formationcertifiante.com\/\"},{\"@type\":\"ListItem\",\"position\":2,\"name\":\"Boutique\",\"item\":\"https:\/\/formationcertifiante.com\/index.php\/nos-formations\/\"},{\"@type\":\"ListItem\",\"position\":3,\"name\":\"Formation comptabilit\u00e9 niveau 1\"}]},{\"@type\":\"WebSite\",\"@id\":\"https:\/\/formationcertifiante.com\/#website\",\"url\":\"https:\/\/formationcertifiante.com\/\",\"name\":\"FORMATION\",\"description\":\"\",\"publisher\":{\"@id\":\"https:\/\/formationcertifiante.com\/#organization\"},\"potentialAction\":[{\"@type\":\"SearchAction\",\"target\":{\"@type\":\"EntryPoint\",\"urlTemplate\":\"https:\/\/formationcertifiante.com\/?s={search_term_string}\"},\"query-input\":\"required name=search_term_string\"}],\"inLanguage\":\"fr-FR\"},{\"@type\":\"Organization\",\"@id\":\"https:\/\/formationcertifiante.com\/#organization\",\"name\":\"FORMATION\",\"url\":\"https:\/\/formationcertifiante.com\/\",\"logo\":{\"@type\":\"ImageObject\",\"inLanguage\":\"fr-FR\",\"@id\":\"https:\/\/formationcertifiante.com\/#\/schema\/logo\/image\/\",\"url\":\"https:\/\/formationcertifiante.com\/wp-content\/uploads\/2022\/10\/cropped-2017-Logo-Culture-Cash-copie.png\",\"contentUrl\":\"https:\/\/formationcertifiante.com\/wp-content\/uploads\/2022\/10\/cropped-2017-Logo-Culture-Cash-copie.png\",\"width\":676,\"height\":179,\"caption\":\"FORMATION\"},\"image\":{\"@id\":\"https:\/\/formationcertifiante.com\/#\/schema\/logo\/image\/\"}}]}<\/script>\n<!-- \/ Yoast SEO plugin. -->","yoast_head_json":{"title":"Formation comptabilit\u00e9 niveau 1 - FORMATION","robots":{"index":"index","follow":"follow","max-snippet":"max-snippet:-1","max-image-preview":"max-image-preview:large","max-video-preview":"max-video-preview:-1"},"canonical":"https:\/\/formationcertifiante.com\/index.php\/product\/comptabilite\/","og_locale":"fr_FR","og_type":"article","og_title":"Formation comptabilit\u00e9 niveau 1 - FORMATION","og_description":"Objectifs R\u00e9ussir son examen de comptabilit\u00e9 (niveau 1) \u00e0 l&#8217;\u00e9cole ou universit\u00e9 Comprendre son comptable ou son expert comptable, se rep\u00e9rer dans les \u00e9tats comptables Le cours : Comprendre la comptabilit\u00e9 pour une soci\u00e9t\u00e9 simple Comprendre Le d\u00e9bit et le credit Uiliser le plan comptable Comprendre et comptabiliser la TVA Passer une \u00e9criture comptable Construire [&hellip;]","og_url":"https:\/\/formationcertifiante.com\/index.php\/product\/comptabilite\/","og_site_name":"FORMATION","article_modified_time":"2023-07-28T08:33:21+00:00","og_image":[{"width":500,"height":234,"url":"https:\/\/formationcertifiante.com\/wp-content\/uploads\/2023\/03\/culutre-cash-comptabilite.png","type":"image\/png"}],"twitter_card":"summary_large_image","schema":{"@context":"https:\/\/schema.org","@graph":[{"@type":"WebPage","@id":"https:\/\/formationcertifiante.com\/index.php\/product\/comptabilite\/","url":"https:\/\/formationcertifiante.com\/index.php\/product\/comptabilite\/","name":"Formation comptabilit\u00e9 niveau 1 - FORMATION","isPartOf":{"@id":"https:\/\/formationcertifiante.com\/#website"},"primaryImageOfPage":{"@id":"https:\/\/formationcertifiante.com\/index.php\/product\/comptabilite\/#primaryimage"},"image":{"@id":"https:\/\/formationcertifiante.com\/index.php\/product\/comptabilite\/#primaryimage"},"thumbnailUrl":"https:\/\/formationcertifiante.com\/wp-content\/uploads\/2023\/03\/culutre-cash-comptabilite.png","datePublished":"2023-03-29T13:13:05+00:00","dateModified":"2023-07-28T08:33:21+00:00","breadcrumb":{"@id":"https:\/\/formationcertifiante.com\/index.php\/product\/comptabilite\/#breadcrumb"},"inLanguage":"fr-FR","potentialAction":[{"@type":"ReadAction","target":["https:\/\/formationcertifiante.com\/index.php\/product\/comptabilite\/"]}]},{"@type":"ImageObject","inLanguage":"fr-FR","@id":"https:\/\/formationcertifiante.com\/index.php\/product\/comptabilite\/#primaryimage","url":"https:\/\/formationcertifiante.com\/wp-content\/uploads\/2023\/03\/culutre-cash-comptabilite.png","contentUrl":"https:\/\/formationcertifiante.com\/wp-content\/uploads\/2023\/03\/culutre-cash-comptabilite.png","width":500,"height":234},{"@type":"BreadcrumbList","@id":"https:\/\/formationcertifiante.com\/index.php\/product\/comptabilite\/#breadcrumb","itemListElement":[{"@type":"ListItem","position":1,"name":"Accueil","item":"https:\/\/formationcertifiante.com\/"},{"@type":"ListItem","position":2,"name":"Boutique","item":"https:\/\/formationcertifiante.com\/index.php\/nos-formations\/"},{"@type":"ListItem","position":3,"name":"Formation comptabilit\u00e9 niveau 1"}]},{"@type":"WebSite","@id":"https:\/\/formationcertifiante.com\/#website","url":"https:\/\/formationcertifiante.com\/","name":"FORMATION","description":"","publisher":{"@id":"https:\/\/formationcertifiante.com\/#organization"},"potentialAction":[{"@type":"SearchAction","target":{"@type":"EntryPoint","urlTemplate":"https:\/\/formationcertifiante.com\/?s={search_term_string}"},"query-input":"required name=search_term_string"}],"inLanguage":"fr-FR"},{"@type":"Organization","@id":"https:\/\/formationcertifiante.com\/#organization","name":"FORMATION","url":"https:\/\/formationcertifiante.com\/","logo":{"@type":"ImageObject","inLanguage":"fr-FR","@id":"https:\/\/formationcertifiante.com\/#\/schema\/logo\/image\/","url":"https:\/\/formationcertifiante.com\/wp-content\/uploads\/2022\/10\/cropped-2017-Logo-Culture-Cash-copie.png","contentUrl":"https:\/\/formationcertifiante.com\/wp-content\/uploads\/2022\/10\/cropped-2017-Logo-Culture-Cash-copie.png","width":676,"height":179,"caption":"FORMATION"},"image":{"@id":"https:\/\/formationcertifiante.com\/#\/schema\/logo\/image\/"}}]}},"jetpack_sharing_enabled":true,"uagb_featured_image_src":{"full":["https:\/\/formationcertifiante.com\/wp-content\/uploads\/2023\/03\/culutre-cash-comptabilite.png",500,234,false],"thumbnail":["https:\/\/formationcertifiante.com\/wp-content\/uploads\/2023\/03\/culutre-cash-comptabilite-150x150.png",150,150,true],"medium":["https:\/\/formationcertifiante.com\/wp-content\/uploads\/2023\/03\/culutre-cash-comptabilite-300x140.png",300,140,true],"medium_large":["https:\/\/formationcertifiante.com\/wp-content\/uploads\/2023\/03\/culutre-cash-comptabilite.png",500,234,false],"large":["https:\/\/formationcertifiante.com\/wp-content\/uploads\/2023\/03\/culutre-cash-comptabilite.png",500,234,false],"1536x1536":["https:\/\/formationcertifiante.com\/wp-content\/uploads\/2023\/03\/culutre-cash-comptabilite.png",500,234,false],"2048x2048":["https:\/\/formationcertifiante.com\/wp-content\/uploads\/2023\/03\/culutre-cash-comptabilite.png",500,234,false],"gamipress-points":["https:\/\/formationcertifiante.com\/wp-content\/uploads\/2023\/03\/culutre-cash-comptabilite.png",50,23,false],"gamipress-achievement":["https:\/\/formationcertifiante.com\/wp-content\/uploads\/2023\/03\/culutre-cash-comptabilite.png",100,47,false],"gamipress-rank":["https:\/\/formationcertifiante.com\/wp-content\/uploads\/2023\/03\/culutre-cash-comptabilite.png",100,47,false],"woocommerce_thumbnail":["https:\/\/formationcertifiante.com\/wp-content\/uploads\/2023\/03\/culutre-cash-comptabilite-300x234.png",300,234,true],"woocommerce_single":["https:\/\/formationcertifiante.com\/wp-content\/uploads\/2023\/03\/culutre-cash-comptabilite.png",500,234,false],"woocommerce_gallery_thumbnail":["https:\/\/formationcertifiante.com\/wp-content\/uploads\/2023\/03\/culutre-cash-comptabilite-100x100.png",100,100,true]},"uagb_author_info":{"display_name":"Culture Cash","author_link":"https:\/\/formationcertifiante.com\/index.php\/author\/"},"uagb_comment_info":0,"uagb_excerpt":"Objectifs R\u00e9ussir son examen de comptabilit\u00e9 (niveau 1) \u00e0 l&#8217;\u00e9cole ou universit\u00e9 Comprendre son comptable ou son expert comptable, se rep\u00e9rer dans les \u00e9tats comptables Le cours : Comprendre la comptabilit\u00e9 pour une soci\u00e9t\u00e9 simple Comprendre Le d\u00e9bit et le credit Uiliser le plan comptable Comprendre et comptabiliser la TVA Passer une \u00e9criture comptable Construire\u2026","_links":{"self":[{"href":"https:\/\/formationcertifiante.com\/index.php\/wp-json\/wp\/v2\/product\/1745","targetHints":{"allow":["GET"]}}],"collection":[{"href":"https:\/\/formationcertifiante.com\/index.php\/wp-json\/wp\/v2\/product"}],"about":[{"href":"https:\/\/formationcertifiante.com\/index.php\/wp-json\/wp\/v2\/types\/product"}],"version-history":[{"count":7,"href":"https:\/\/formationcertifiante.com\/index.php\/wp-json\/wp\/v2\/product\/1745\/revisions"}],"predecessor-version":[{"id":2863,"href":"https:\/\/formationcertifiante.com\/index.php\/wp-json\/wp\/v2\/product\/1745\/revisions\/2863"}],"wp:featuredmedia":[{"embeddable":true,"href":"https:\/\/formationcertifiante.com\/index.php\/wp-json\/wp\/v2\/media\/1747"}],"wp:attachment":[{"href":"https:\/\/formationcertifiante.com\/index.php\/wp-json\/wp\/v2\/media?parent=1745"}],"wp:term":[{"taxonomy":"product_cat","embeddable":true,"href":"https:\/\/formationcertifiante.com\/index.php\/wp-json\/wp\/v2\/product_cat?post=1745"},{"taxonomy":"product_tag","embeddable":true,"href":"https:\/\/formationcertifiante.com\/index.php\/wp-json\/wp\/v2\/product_tag?post=1745"}],"curies":[{"name":"wp","href":"https:\/\/api.w.org\/{rel}","templated":true}]}}